{"id":915,"date":"2010-09-17T18:41:35","date_gmt":"2010-09-17T18:41:35","guid":{"rendered":"http:\/\/www.muntdemots.org\/"},"modified":"2010-09-17T18:41:35","modified_gmt":"2010-09-17T18:41:35","slug":"maraton-de-cuentos-para-ninos-y-ninas","status":"publish","type":"page","link":"http:\/\/muntdemots.org\/2010\/maraton-de-cuentos-para-ninos-y-ninas\/","title":{"rendered":"Marat\u00f3n de Cuentos para Ni\u00f1os y Ni\u00f1as"},"content":{"rendered":"<p>Una  ma\u00f1ana perfecta para sacar a pasear la imaginaci\u00f3n. Bocabadats,  Encantacontes, Maracal\u00e0 y Vivim del Cuentu, cuatro de los mejores grupos  de narraci\u00f3n oral de Catalunya, desplegar\u00e1n todas sus artes para  sorprender, alegrar, responder, reconfortar, so\u00f1ar. \u00a1Ni\u00f1os y ni\u00f1as!:  prep\u00e1rense para ver lugares nunca antes vistos, animales que hablan,\u00a0 \u00e1rboles que caminan, p\u00e1jaros que vuelan al rev\u00e9s\u2026<\/p>\n","protected":false},"excerpt":{"rendered":"<p>Una ma\u00f1ana perfecta para sacar a pasear la imaginaci\u00f3n. Bocabadats, Encantacontes, Maracal\u00e0 y Vivim del Cuentu, cuatro de los mejores grupos de narraci\u00f3n oral de Catalunya, desplegar\u00e1n todas sus artes para sorprender, alegrar, responder, reconfortar, so\u00f1ar. \u00a1Ni\u00f1os y ni\u00f1as!: prep\u00e1rense para ver lugares nunca antes vistos, animales que hablan,\u00a0 \u00e1rboles que caminan, p\u00e1jaros que vuelan [&hellip;]<\/p>\n","protected":false},"author":1,"featured_media":0,"parent":0,"menu_order":0,"comment_status":"open","ping_status":"open","template":"","meta":[],"_links":{"self":[{"href":"http:\/\/muntdemots.org\/2010\/wp-json\/wp\/v2\/pages\/915"}],"collection":[{"href":"http:\/\/muntdemots.org\/2010\/wp-json\/wp\/v2\/pages"}],"about":[{"href":"http:\/\/muntdemots.org\/2010\/wp-json\/wp\/v2\/types\/page"}],"author":[{"embeddable":true,"href":"http:\/\/muntdemots.org\/2010\/wp-json\/wp\/v2\/users\/1"}],"replies":[{"embeddable":true,"href":"http:\/\/muntdemots.org\/2010\/wp-json\/wp\/v2\/comments?post=915"}],"version-history":[{"count":2,"href":"http:\/\/muntdemots.org\/2010\/wp-json\/wp\/v2\/pages\/915\/revisions"}],"predecessor-version":[{"id":918,"href":"http:\/\/muntdemots.org\/2010\/wp-json\/wp\/v2\/pages\/915\/revisions\/918"}],"wp:attachment":[{"href":"http:\/\/muntdemots.org\/2010\/wp-json\/wp\/v2\/media?parent=915"}],"curies":[{"name":"wp","href":"https:\/\/api.w.org\/{rel}","templated":true}]}}