{"id":631,"date":"2010-09-15T00:59:34","date_gmt":"2010-09-15T00:59:34","guid":{"rendered":"http:\/\/www.muntdemots.org\/"},"modified":"2010-09-25T14:42:56","modified_gmt":"2010-09-25T14:42:56","slug":"cristina-salvador","status":"publish","type":"page","link":"http:\/\/muntdemots.org\/2010\/cristina-salvador\/","title":{"rendered":"Cristina Salvador"},"content":{"rendered":"<p><a href=\"http:\/\/www.cristinasalvador.com\" target=\"_blank\">www.cristinasalvador.com<\/a><\/p>\n<p>Se  introduce en el mundo de los cuentos en el a\u00f1o 2007. Desde entonces ha  narrado en sitios tan diversos como, Las Fiestas de Gracia, Bibliotecas  p\u00fablicas, Cavas, Centros C\u00edvicos, Centros Culturales, El Corte Ingl\u00e9s,  Galerias de Arte, Librerias, Maratones, Radios (Arenys, Gracia,  Badalona), Salas de lectura, Harlem Jazz Club y TV Gr\u00e0cia (programa de cuentos para adultos). Adem\u00e1s es Programadora y dinamizadora del ciclo \u201cLa mar de cuentos\u201d en Nostromo.<br \/>\n<em>Dia: Dimecres 20<br \/>\nHora: 22:15hrs<br \/>\nLloc: <\/em><a href=\"http:\/\/www.myspace.com\/barmacondo\" target=\"_blank\">MACONDO BAR<\/a><a href=\"http:\/\/www.centreshg.net\/taxonera\" target=\"_blank\"><br \/>\n<\/a><a href=\"http:\/\/w20.bcn.cat\/Guiamap\/Default.aspx#x=31563.246&amp;y=85197.07&amp;z=5&amp;c=K014K015K001K002K003K011K013K006&amp;w=1057&amp;h=442&amp;p=31563.246,85197.07\" target=\"_blank\">\u00bfC\u00f3mo llegar?<\/a><\/p>\n<p><span style=\"color: #ffffff;\">.<\/span><\/p>\n<p><strong> <\/strong><\/p>\n<p><strong> <\/strong><\/p>\n<p><strong>LA VIDA EN CUENTO<\/strong><\/p>\n<p>Estos  cuentos nos relatan historias muy diversas que nos transmiten  ense\u00f1anzas de la antigua civilizaci\u00f3n china. Como la vida misma, nos  ense\u00f1an a amar a trav\u00e9s de los ojos de mujeres valientes, nos descubren  misteriosamente cu\u00e1l es nuestro fin en esta vida y nos ense\u00f1an a  disfrutar del erotismo con mucha, mucha&#8230; imaginaci\u00f3n. Cuatro historias  de sabidur\u00eda, mujeres, misterio y erotismo que nos har\u00e1n pasar una  noche de cuento.<\/p>\n<p><span style=\"color: #ffffff;\">.<\/span><\/p>\n<p><a href=\"\/2010\/wp-content\/uploads\/2010\/09\/CRISTINA-SALVADOR.jpg\"><img decoding=\"async\" loading=\"lazy\" class=\"alignleft size-medium wp-image-634\" title=\"CRISTINA SALVADOR\" src=\"\/2010\/wp-content\/uploads\/2010\/09\/CRISTINA-SALVADOR-257x300.jpg\" alt=\"\" width=\"257\" height=\"300\" srcset=\"https:\/\/muntdemots.org\/2010\/wp-content\/uploads\/2010\/09\/CRISTINA-SALVADOR-257x300.jpg 257w, https:\/\/muntdemots.org\/2010\/wp-content\/uploads\/2010\/09\/CRISTINA-SALVADOR.jpg 494w\" sizes=\"(max-width: 257px) 100vw, 257px\" \/><\/a><\/p>\n","protected":false},"excerpt":{"rendered":"<p>www.cristinasalvador.com Se introduce en el mundo de los cuentos en el a\u00f1o 2007. Desde entonces ha narrado en sitios tan diversos como, Las Fiestas de Gracia, Bibliotecas p\u00fablicas, Cavas, Centros C\u00edvicos, Centros Culturales, El Corte Ingl\u00e9s, Galerias de Arte, Librerias, Maratones, Radios (Arenys, Gracia, Badalona), Salas de lectura, Harlem Jazz Club y TV Gr\u00e0cia (programa [&hellip;]<\/p>\n","protected":false},"author":1,"featured_media":0,"parent":0,"menu_order":0,"comment_status":"open","ping_status":"open","template":"","meta":[],"_links":{"self":[{"href":"http:\/\/muntdemots.org\/2010\/wp-json\/wp\/v2\/pages\/631"}],"collection":[{"href":"http:\/\/muntdemots.org\/2010\/wp-json\/wp\/v2\/pages"}],"about":[{"href":"http:\/\/muntdemots.org\/2010\/wp-json\/wp\/v2\/types\/page"}],"author":[{"embeddable":true,"href":"http:\/\/muntdemots.org\/2010\/wp-json\/wp\/v2\/users\/1"}],"replies":[{"embeddable":true,"href":"http:\/\/muntdemots.org\/2010\/wp-json\/wp\/v2\/comments?post=631"}],"version-history":[{"count":6,"href":"http:\/\/muntdemots.org\/2010\/wp-json\/wp\/v2\/pages\/631\/revisions"}],"predecessor-version":[{"id":636,"href":"http:\/\/muntdemots.org\/2010\/wp-json\/wp\/v2\/pages\/631\/revisions\/636"}],"wp:attachment":[{"href":"http:\/\/muntdemots.org\/2010\/wp-json\/wp\/v2\/media?parent=631"}],"curies":[{"name":"wp","href":"https:\/\/api.w.org\/{rel}","templated":true}]}}