{"id":324,"date":"2010-09-06T16:35:35","date_gmt":"2010-09-06T16:35:35","guid":{"rendered":"http:\/\/www.muntdemots.org\/"},"modified":"2010-09-25T15:58:52","modified_gmt":"2010-09-25T15:58:52","slug":"juanan","status":"publish","type":"page","link":"http:\/\/muntdemots.org\/2010\/juanan\/","title":{"rendered":"Juanan"},"content":{"rendered":"<p><em>Juanan Cuentacuentos<\/em> \u00e9s un narrador vocacional. Si li donen peixet, gaudeix explicant hist\u00f2ries. El 1995, va provar de contar-ne en un escenari i des del 1999 no fa res m\u00e9s que explicar contes per a adults; contes que se li escapen del barret. De negre i de veu profunda (encara que mai ha estat enterramorts), busca un sentiment, una reflexi\u00f3, una ll\u00e0grima, per\u00f2, abans de tot, moltes rialles.<\/p>\n<p><span style=\"color: #ffffff;\">.<\/span><\/p>\n<p><strong> <\/strong><\/p>\n<p><strong> <\/strong><\/p>\n<p><strong>SEXO EN EL PARAISO<\/strong><\/p>\n<p>Sexe al parad\u00eds? Al comen\u00e7ament, D\u00e9u va crear la dona i l\u2019home (no necess\u00e0riament en aquest ordre) i els va deixar viure al Parad\u00eds. Tanmateix, alguna cosa van fer els \u00e9ssers humans que va acabar en desallotjament i condemna eterna. Evocant aquesta estada a l\u2019Ed\u00e8n, a pocs se\u2019ns acudiria pensar en un parad\u00eds sense sexe. Per\u00f2 a D\u00e9u, potser s\u00ed. Va ser el sexe un invent hum\u00e0 o div\u00ed? Uns contes que llancen llum sobre aquest misteri, si us plau!<br \/>\n<em>Dia: Dimecres 20<br \/>\nHora: 20:00hrs<br \/>\nLloc: <\/em><a href=\"http:\/\/lastrolabi.blogspot.com\/\" target=\"_blank\">L\u2019ASTROLABI<\/a><span style=\"text-decoration: underline;\"><br \/>\n<\/span><a href=\"http:\/\/w20.bcn.cat\/Guiamap\/Default.aspx#x=29853.503&amp;y=83631.433&amp;z=5&amp;c=K014K015K001K002K003K011K013K006&amp;w=1057&amp;h=442&amp;p=29853.503,83631.433\" target=\"_blank\">\u00bfC\u00f3mo llegar?<\/a><\/p>\n<p><span style=\"color: #ffffff;\">.<\/span><\/p>\n<p><a href=\"\/2010\/wp-content\/uploads\/2010\/09\/juanan-1.jpg\"><img decoding=\"async\" loading=\"lazy\" class=\"alignnone size-full wp-image-325\" title=\"juanan 1\" src=\"\/2010\/wp-content\/uploads\/2010\/09\/juanan-1.jpg\" alt=\"\" width=\"122\" height=\"201\" \/><\/a><\/p>\n","protected":false},"excerpt":{"rendered":"<p>Juanan Cuentacuentos \u00e9s un narrador vocacional. Si li donen peixet, gaudeix explicant hist\u00f2ries. El 1995, va provar de contar-ne en un escenari i des del 1999 no fa res m\u00e9s que explicar contes per a adults; contes que se li escapen del barret. De negre i de veu profunda (encara que mai ha estat enterramorts), [&hellip;]<\/p>\n","protected":false},"author":1,"featured_media":0,"parent":0,"menu_order":0,"comment_status":"open","ping_status":"open","template":"","meta":[],"_links":{"self":[{"href":"http:\/\/muntdemots.org\/2010\/wp-json\/wp\/v2\/pages\/324"}],"collection":[{"href":"http:\/\/muntdemots.org\/2010\/wp-json\/wp\/v2\/pages"}],"about":[{"href":"http:\/\/muntdemots.org\/2010\/wp-json\/wp\/v2\/types\/page"}],"author":[{"embeddable":true,"href":"http:\/\/muntdemots.org\/2010\/wp-json\/wp\/v2\/users\/1"}],"replies":[{"embeddable":true,"href":"http:\/\/muntdemots.org\/2010\/wp-json\/wp\/v2\/comments?post=324"}],"version-history":[{"count":4,"href":"http:\/\/muntdemots.org\/2010\/wp-json\/wp\/v2\/pages\/324\/revisions"}],"predecessor-version":[{"id":1491,"href":"http:\/\/muntdemots.org\/2010\/wp-json\/wp\/v2\/pages\/324\/revisions\/1491"}],"wp:attachment":[{"href":"http:\/\/muntdemots.org\/2010\/wp-json\/wp\/v2\/media?parent=324"}],"curies":[{"name":"wp","href":"https:\/\/api.w.org\/{rel}","templated":true}]}}