{"id":31,"date":"2010-09-03T16:13:43","date_gmt":"2010-09-03T16:13:43","guid":{"rendered":"http:\/\/www.muntdemots.org\/"},"modified":"2010-09-25T18:26:13","modified_gmt":"2010-09-25T18:26:13","slug":"dimecres-20-doctubre","status":"publish","type":"page","link":"http:\/\/muntdemots.org\/2010\/dimecres-20-doctubre\/","title":{"rendered":"Dimecres 20 d&#8217;octubre"},"content":{"rendered":"<p><span style=\"text-decoration: underline;\">16:30hrs<\/span><br \/>\nMASTERCLASS<br \/>\n<a href=\"\/2010\/ruben-martinez-santana\" target=\"_blank\"><strong>NARRACI\u00d3N ORAL Y TEATRO<\/strong><\/a>, \u00a0<em>RUB\u00c9N MART\u00cdNEZ SANTANA<\/em><br \/>\n<strong><a href=\"\/2010\/rube\" target=\"_blank\">MUESTRA DE NARRACI\u00d3N ORAL<\/a>,<\/strong> <em>VARIOS CUENTACUENTOS<\/em><br \/>\n<a href=\"http:\/\/www.institutdelteatre.org\" target=\"_blank\"> INSTITUT DEL TEATRE<\/a><br \/>\nPla\u00e7a Margarida Xirgu, s\/n<br \/>\n08004 Barcelona<br \/>\n932 273 900<br \/>\n<a href=\"http:\/\/w20.bcn.cat\/Guiamap\/Default.aspx#x=29639.529&amp;y=80530.907&amp;z=5&amp;c=K014K015K001K002K003K011K013K006&amp;w=1057&amp;h=442&amp;p=29639.529,80530.907\" target=\"_blank\">\u00bfC\u00f3mo llegar?<\/a><a href=\"http:\/\/www.institutdelteatre.org\" target=\"_blank\"><br \/>\n<\/a><\/p>\n<p><span style=\"color: #ffffff;\">.<\/span><\/p>\n<p><span style=\"text-decoration: underline;\">18:00hrs<\/span><br \/>\nSESI\u00d3N INFANTIL<a href=\"\/2010\/albert-marques\" target=\"_blank\"><strong><br \/>\nEL<\/strong> <strong>Q\u00dcENTILADOR<\/strong><\/a>, <em>ALBERT MARQUES<\/em><br \/>\n<a href=\"http:\/\/w3.bcn.es\/XMLServeis\/Asia\/XMLFitxaAsiaCtl\/0,4122,370084977_424430559_2_92086004593,00.html?tipusEnllac=equipament&amp;idFitxa=92086004593&amp;nomesFitxa=true\" target=\"_blank\"> SALA DE LECTURA DEL CLOT<\/a><br \/>\nC\/Clot, 21-25<br \/>\n08018 \u2013 Barcelona<br \/>\n932463928<br \/>\n<a href=\"http:\/\/w20.bcn.cat\/Guiamap\/Default.aspx#x=32184.155&amp;y=84437.486&amp;z=5&amp;c=K014K015K001K002K003K011K013K006&amp;w=1057&amp;h=442&amp;p=32184.155,84437.486\" target=\"_blank\">\u00bfC\u00f3mo llegar?<\/a><\/p>\n<p><span style=\"color: #ffffff;\">.<\/span><\/p>\n<p><span style=\"text-decoration: underline;\">18:00hrs<\/span><br \/>\nSESI\u00d3N INFANTIL<strong><br \/>\n<a href=\"..\/marga-socias\/\" target=\"_blank\">El LLIBRE SECRET<\/a><\/strong>, <em>MARGA SOCIAS<\/em><a href=\"http:\/\/w3.bcn.es\/V51\/Home\/V51HomeLinkPl\/0,3989,171936303,00.html\" target=\"_blank\"><br \/>\nBIBLIOTECA FORT PIENC<\/a><br \/>\nCarrer Ribes, 12-14<br \/>\n08013-Barcelona<br \/>\n932 652 435<a href=\"http:\/\/w3.bcn.es\/V51\/Home\/V51HomeLinkPl\/0,3989,171936303,00.html\" target=\"_blank\"><br \/>\n<\/a><a href=\"http:\/\/w20.bcn.cat\/Guiamap\/Default.aspx#x=32342.902&amp;y=88723.621&amp;z=5&amp;c=K014K015K001K002K003K011K013K006&amp;w=1057&amp;h=442&amp;p=32342.902,88723.621\" target=\"_blank\">\u00bfC\u00f3mo llegar?<\/a><\/p>\n<p><span style=\"color: #ffffff;\">.<\/span><\/p>\n<p><span style=\"text-decoration: underline;\">19:00hrs<\/span><br \/>\nSESI\u00d3N ADULTOS<br \/>\n<a href=\"\/2010\/yoshihira-hioki\" target=\"_blank\"><strong>MIL ESCAMAS DE DRAG\u00d3N, MIL CUENTOS DEL JAP\u00d3N<\/strong><\/a>,<em> YOSHIHIRA HIOKI<\/em><br \/>\n<a href=\"http:\/\/w3.bcn.es\/V51\/Home\/V51HomeLinkPl\/0,3989,171936303,00.html\" target=\"_blank\"> BIBLIOTECA FORT PIENC<\/a><br \/>\nCarrer Ribes, 12-14<br \/>\n08013-Barcelona<br \/>\n932 652 435<a href=\" http:\/\/w3.bcn.es\/V51\/Home\/V51HomeLinkPl\/0,3989,171936303,00.html\" target=\"_blank\"><br \/>\n<\/a><a href=\"http:\/\/w20.bcn.cat\/Guiamap\/Default.aspx#x=32342.902&amp;y=88723.621&amp;z=5&amp;c=K014K015K001K002K003K011K013K006&amp;w=1057&amp;h=442&amp;p=32342.902,88723.621\" target=\"_blank\">\u00bfC\u00f3mo llegar?<\/a><a href=\" http:\/\/w3.bcn.es\/V51\/Home\/V51HomeLinkPl\/0,3989,171936303,00.html\" target=\"_blank\"><\/a><\/p>\n<p><span style=\"color: #ffffff;\">.<\/span><\/p>\n<p><span style=\"text-decoration: underline;\">19:00hrs<\/span><br \/>\nCHARLA\/TALLER<br \/>\n<a href=\"\/2010\/monica-martinez-paz\/\" target=\"_blank\"><strong>NO HACE FALTA UN TALLER DE NARRACI\u00d3N ORAL PARA APRENDER A CONTAR CUENTOS<\/strong><\/a><br \/>\n<em>MONICA MART\u00cdNEZ<\/em><em> PAZ<\/em><br \/>\n<a href=\" http:\/\/w3.bcn.es\/XMLServeis\/XMLHomeLinkPl\/0,4022,650916769,00.html\" target=\"_blank\"> BIBLIOTECA SANT ANTONI- JOAN OLIVER<\/a><br \/>\nComte Borrell, 44-46<br \/>\n08015 Barcelona<br \/>\n933 297 216<br \/>\n<a href=\"http:\/\/w20.bcn.cat\/Guiamap\/Default.aspx#x=30085.26&amp;y=81194.234&amp;z=5&amp;c=K014K015K001K002K003K011K013K006&amp;w=1057&amp;h=442&amp;p=30085.26,81194.234\" target=\"_blank\">\u00bfC\u00f3mo llegar?<\/a><\/p>\n<p><span style=\"color: #ffffff;\">.<\/span><\/p>\n<p><span style=\"text-decoration: underline;\">19:00hrs<\/span><br \/>\nCONFERENCIA<br \/>\n<a href=\"\/2010\/ana-cristina-herreros\/\" target=\"_blank\"><strong>LA<\/strong> <strong>ORALIDAD<\/strong> <strong>TRADICIONAL<\/strong><\/a>, <em>ANA CRISTINA HERREROS<\/em><br \/>\n<a href=\"http:\/\/w3.bcn.es\/XMLServeis\/XMLHomeLinkPl\/0,4022,650920084_709536676_1,00.html\" target=\"_blank\"> BIBLIOTECA VILA DE GR\u00c0CIA<\/a><br \/>\nTorrent de l&#8217;Olla, 104<br \/>\n08012 &#8211; Barcelona<br \/>\n93 284 77 90<br \/>\n<a href=\"http:\/\/w3.bcn.es\/XMLServeis\/XMLHomeLinkPl\/0,4022,650920084_709536676_1,00.html\" target=\"_blank\"><\/a><a href=\"http:\/\/w20.bcn.cat\/Guiamap\/Default.aspx#x=29729.58&amp;y=83871.468&amp;z=5&amp;c=K014K015K001K002K003K011K013K006&amp;w=1057&amp;h=442&amp;p=29729.58,83871.468\" target=\"_blank\">\u00bfC\u00f3mo llegar?<\/a><\/p>\n<p><span style=\"color: #ffffff;\">.<\/span><\/p>\n<p><span style=\"text-decoration: underline;\">19:00hrs<\/span><br \/>\nCHARLA<br \/>\n<a href=\"\/2010\/encuentro-con%E2%80%A6-red-internacional-de-cuentacuentos-y-associacio-de-narradors-professionals\/\"><strong>ENCUENTRO CON\u2026<\/strong> <em>RED INTERNACIONAL DE CUENTACUENTOS Y ASSOCIACI\u00d3 DE NARRADORS PROFESSIONALS<\/em><\/a><br \/>\n<a href=\"http:\/\/www.bcn.cat\/centrecivicpatillimona\" target=\"_blank\">C. C. PATI LL\u00cdMONA<br \/>\n<\/a><a href=\"http:\/\/w20.bcn.cat\/Guiamap\/Default.aspx#x=31446.088&amp;y=81641.358&amp;z=5&amp;c=K014K015K001K002K003K011K013K006&amp;w=1057&amp;h=442&amp;p=31446.088,81641.358\" target=\"_blank\"> <\/a>C\/ Regomir 3<br \/>\n08002 \u2013 Barcelona<br \/>\n932684700<a href=\"http:\/\/www.bcn.cat\/centrecivicpatillimona\"><br \/>\n<\/a> <a href=\"http:\/\/w20.bcn.cat\/Guiamap\/Default.aspx#x=31446.088&amp;y=81641.358&amp;z=5&amp;c=K014K015K001K002K003K011K013K006&amp;w=1057&amp;h=442&amp;p=31446.088,81641.358\" target=\"_blank\">\u00bfC\u00f3mo llegar?<\/a><a href=\"www.bcn.cat\/centrecivicpatillimona\" target=\"_blank\"> <\/a><\/p>\n<p><span style=\"color: #ffffff;\">.<\/span><\/p>\n<p><span style=\"text-decoration: underline;\">19:30hrs<\/span><br \/>\nCONFERENCIA<br \/>\n<a href=\"\/2010\/juan-pablo\" target=\"_blank\"><strong>LA TELARA\u00d1A EN LA RED, CUENTOS Y NARRACIONES EN INTERNET<\/strong><\/a><br \/>\n<em>JUAN PABLO FUENTES<\/em><br \/>\n<a href=\" http:\/\/www.racomultimedia.net\" target=\"_blank\"> C. C. GUINARD\u00d3 \u2013 EL RACONET<\/a><br \/>\nRda Guinardo, 113<br \/>\n08041 \u2013 Barcelona<br \/>\n93 450 39 87<a href=\"http:\/\/www.racomultimedia.net\/\" target=\"_blank\"><br \/>\n<\/a><a href=\"http:\/\/w20.bcn.cat\/Guiamap\/Default.aspx#x=31008.099&amp;y=85478.573&amp;z=5&amp;c=K014K015K001K002K003K011K013K006&amp;w=1057&amp;h=442&amp;p=31008.099,85478.573\" target=\"_blank\">\u00bfC\u00f3mo llegar?<\/a><a href=\"http:\/\/www.racomultimedia.net\/\" target=\"_blank\"><br \/>\n<\/a><\/p>\n<p><span style=\"color: #ffffff;\">.<\/span><\/p>\n<p><span style=\"text-decoration: underline;\">20:00hrs<\/span><br \/>\nSESI\u00d3N ADULTOS<br \/>\n<a href=\"\/2010\/juanan\" target=\"_blank\"><strong>SEXO EN EL PARAISO<\/strong><\/a>, <em>JUANAN<\/em><br \/>\n<a href=\" http:\/\/lastrolabi.blogspot.com\" target=\"_blank\"> L\u2019ASTROLABI<\/a><span style=\"text-decoration: underline;\"><br \/>\n<\/span>CARRER MART\u00cdNEZ DE LA ROSA, 14<br \/>\nBARCELONA<br \/>\n<a href=\"http:\/\/w20.bcn.cat\/Guiamap\/Default.aspx#x=29853.503&amp;y=83631.433&amp;z=5&amp;c=K014K015K001K002K003K011K013K006&amp;w=1057&amp;h=442&amp;p=29853.503,83631.433\" target=\"_blank\">\u00bfC\u00f3mo llegar?<\/a><\/p>\n<p><span style=\"color: #ffffff;\">.<\/span><\/p>\n<p><span style=\"text-decoration: underline;\">21:00hrs<\/span><br \/>\nSESI\u00d3N ADULTOS<br \/>\n<a href=\"\/2010\/jose-luis-mellado\" target=\"_blank\"><strong>SOUPER<\/strong> <strong>NATURAL<\/strong><\/a>, <em>JOSELUIS MELLADO<\/em><br \/>\nCon el auspicio de <a href=\"http:\/\/www.americat.net\/\" target=\"_blank\">Casa Am\u00e8rica Catalunya<\/a><br \/>\n<a href=\"http:\/\/www.bcn.cat\/centrecivicpatillimona\" target=\"_blank\">C. C. PATI LL\u00cdMONA<\/a><a href=\"www.bcn.cat\/centrecivicpatillimona\" target=\"_blank\"><br \/>\n<\/a><a href=\"http:\/\/w20.bcn.cat\/Guiamap\/Default.aspx#x=31446.088&amp;y=81641.358&amp;z=5&amp;c=K014K015K001K002K003K011K013K006&amp;w=1057&amp;h=442&amp;p=31446.088,81641.358\" target=\"_blank\"> <\/a>C\/ Regomir 3<br \/>\n08002 \u2013 Barcelona<br \/>\n932684700<a href=\"http:\/\/www.bcn.cat\/centrecivicpatillimona\"><br \/>\n<\/a> <a href=\"http:\/\/w20.bcn.cat\/Guiamap\/Default.aspx#x=31446.088&amp;y=81641.358&amp;z=5&amp;c=K014K015K001K002K003K011K013K006&amp;w=1057&amp;h=442&amp;p=31446.088,81641.358\" target=\"_blank\">\u00bfC\u00f3mo llegar?<\/a><a href=\"www.bcn.cat\/centrecivicpatillimona\" target=\"_blank\"> <\/a><\/p>\n<p><span style=\"color: #ffffff;\">.<\/span><\/p>\n<p><span style=\"text-decoration: underline;\">22:15hrs<\/span><br \/>\nSESI\u00d3N ADULTOS<br \/>\n<a href=\"\/2010\/cristina-salvador\" target=\"_blank\"><strong>LA VIDA ENCUENTO<\/strong><\/a>, <em>CRISTINA SALVADOR<\/em><br \/>\n<a href=\"http:\/\/www.myspace.com\/barmacondo\" target=\"_blank\">MACONDO BAR<\/a><br \/>\nC\/Conca, 21<br \/>\n08026 &#8211; Barcelona<br \/>\n<a href=\"http:\/\/w20.bcn.cat\/Guiamap\/Default.aspx#x=31563.246&amp;y=85197.07&amp;z=5&amp;c=K014K015K001K002K003K011K013K006&amp;w=1057&amp;h=442&amp;p=31563.246,85197.07\" target=\"_blank\">\u00bfC\u00f3mo llegar?<\/a><\/p>\n","protected":false},"excerpt":{"rendered":"<p>16:30hrs MASTERCLASS NARRACI\u00d3N ORAL Y TEATRO, \u00a0RUB\u00c9N MART\u00cdNEZ SANTANA MUESTRA DE NARRACI\u00d3N ORAL, VARIOS CUENTACUENTOS INSTITUT DEL TEATRE Pla\u00e7a Margarida Xirgu, s\/n 08004 Barcelona 932 273 900 \u00bfC\u00f3mo llegar? . 18:00hrs SESI\u00d3N INFANTIL EL Q\u00dcENTILADOR, ALBERT MARQUES SALA DE LECTURA DEL CLOT C\/Clot, 21-25 08018 \u2013 Barcelona 932463928 \u00bfC\u00f3mo llegar? . 18:00hrs SESI\u00d3N INFANTIL El [&hellip;]<\/p>\n","protected":false},"author":1,"featured_media":0,"parent":0,"menu_order":0,"comment_status":"open","ping_status":"open","template":"","meta":[],"_links":{"self":[{"href":"http:\/\/muntdemots.org\/2010\/wp-json\/wp\/v2\/pages\/31"}],"collection":[{"href":"http:\/\/muntdemots.org\/2010\/wp-json\/wp\/v2\/pages"}],"about":[{"href":"http:\/\/muntdemots.org\/2010\/wp-json\/wp\/v2\/types\/page"}],"author":[{"embeddable":true,"href":"http:\/\/muntdemots.org\/2010\/wp-json\/wp\/v2\/users\/1"}],"replies":[{"embeddable":true,"href":"http:\/\/muntdemots.org\/2010\/wp-json\/wp\/v2\/comments?post=31"}],"version-history":[{"count":45,"href":"http:\/\/muntdemots.org\/2010\/wp-json\/wp\/v2\/pages\/31\/revisions"}],"predecessor-version":[{"id":1557,"href":"http:\/\/muntdemots.org\/2010\/wp-json\/wp\/v2\/pages\/31\/revisions\/1557"}],"wp:attachment":[{"href":"http:\/\/muntdemots.org\/2010\/wp-json\/wp\/v2\/media?parent=31"}],"curies":[{"name":"wp","href":"https:\/\/api.w.org\/{rel}","templated":true}]}}