{"id":255,"date":"2010-09-06T16:02:52","date_gmt":"2010-09-06T16:02:52","guid":{"rendered":"http:\/\/www.muntdemots.org\/"},"modified":"2010-09-24T14:38:01","modified_gmt":"2010-09-24T14:38:01","slug":"credits","status":"publish","type":"page","link":"http:\/\/muntdemots.org\/2010\/credits\/","title":{"rendered":"Credits"},"content":{"rendered":"<p><strong>Organizan<\/strong><\/p>\n<p>C.C. Pati Llimona<br \/>\nAssociaci\u00f3 Munt de Paraules<br \/>\n<a href=\"http:\/\/www.naocat.com\" target=\"_blank\">Naocat.com<\/a><\/p>\n<p><strong>Colaboran<\/strong><\/p>\n<ul>\n<li>Biblioteques      de Barcelona<\/li>\n<li>Xarxa      de Centres C\u00edvics<\/li>\n<li>Fundaci\u00f3n      Romea \u2013 Teatre Romea<\/li>\n<li>Casa      Am\u00e8rica Catalunya<\/li>\n<li>Fundaci\u00f3n      La Caixa      \u2013Caixa Forum<\/li>\n<li>Institut      del Teatre<\/li>\n<li>Editorial      Ekar\u00e9 Europa<\/li>\n<li>Editorial      Libros del Zorro Rojo<\/li>\n<li>Editorial      Thule<\/li>\n<li>Editorial      Siruela<\/li>\n<li>Editorial      Palabras del Candil<\/li>\n<li>Museu      Etnol\u00f2gic<\/li>\n<li>Museu      de la M\u00fasica<\/li>\n<li>Museu      Picasso<\/li>\n<li>Librer\u00eda      Santos Ochoa<\/li>\n<li>Harlem      Jazz Club<\/li>\n<li>Teatro      El Almazen<\/li>\n<li>Bar      Bemba<\/li>\n<li>Nostromo<\/li>\n<li>Macondo Bar<\/li>\n<li>L\u2019Astrolabi<\/li>\n<li>Espai      Al\u00e8<\/li>\n<li>Associaci\u00f3      de Narradores i Narradors- ANIN<\/li>\n<li>Red      Internacional de Cuentacuentos<\/li>\n<li>Fasamcat<\/li>\n<li>Teatro      de los Sentidos<\/li>\n<\/ul>\n<p><strong><span style=\"text-decoration: underline;\">Director<\/span><\/strong><\/p>\n<p><a href=\"http:\/\/www.rubenmartinezsantana.com\" target=\"_blank\">Rub\u00e9n Mart\u00ednez Santana<\/a><\/p>\n<p><strong><span style=\"text-decoration: underline;\">Coordinadoras<\/span><\/strong><\/p>\n<p>Ant\u00f2nia Robles<\/p>\n<p>Eva Pe\u00f1a<\/p>\n<p>M\u00f3nica Mart\u00ednez Paz<\/p>\n<p><strong><span style=\"text-decoration: underline;\">Medios<\/span><span style=\"text-decoration: underline;\"><br \/>\n<\/span><\/strong><\/p>\n<p>Oriol Toro<\/p>\n<p><strong><span style=\"text-decoration: underline;\">Imagen y Cartel<\/span><\/strong><\/p>\n<p>Alekos<\/p>\n<p><strong><span style=\"text-decoration: underline;\">Dise\u00f1o Gr\u00e1fico<br \/>\n<\/span><\/strong><\/p>\n<p><a href=\"http:\/\/www.gradesbcn.com\/\" target=\"_blank\">Lys Moya<\/a><\/p>\n<p><strong><span style=\"text-decoration: underline;\">Programaci\u00f3n<\/span><\/strong><\/p>\n<p>Juan Pablo Fuentes (<a href=\"http:\/\/www.intelisen.com\">Intelisen<\/a>)<\/p>\n","protected":false},"excerpt":{"rendered":"<p>Organizan C.C. Pati Llimona Associaci\u00f3 Munt de Paraules Naocat.com Colaboran Biblioteques de Barcelona Xarxa de Centres C\u00edvics Fundaci\u00f3n Romea \u2013 Teatre Romea Casa Am\u00e8rica Catalunya Fundaci\u00f3n La Caixa \u2013Caixa Forum Institut del Teatre Editorial Ekar\u00e9 Europa Editorial Libros del Zorro Rojo Editorial Thule Editorial Siruela Editorial Palabras del Candil Museu Etnol\u00f2gic Museu de la M\u00fasica [&hellip;]<\/p>\n","protected":false},"author":1,"featured_media":0,"parent":0,"menu_order":0,"comment_status":"open","ping_status":"open","template":"","meta":[],"_links":{"self":[{"href":"http:\/\/muntdemots.org\/2010\/wp-json\/wp\/v2\/pages\/255"}],"collection":[{"href":"http:\/\/muntdemots.org\/2010\/wp-json\/wp\/v2\/pages"}],"about":[{"href":"http:\/\/muntdemots.org\/2010\/wp-json\/wp\/v2\/types\/page"}],"author":[{"embeddable":true,"href":"http:\/\/muntdemots.org\/2010\/wp-json\/wp\/v2\/users\/1"}],"replies":[{"embeddable":true,"href":"http:\/\/muntdemots.org\/2010\/wp-json\/wp\/v2\/comments?post=255"}],"version-history":[{"count":11,"href":"http:\/\/muntdemots.org\/2010\/wp-json\/wp\/v2\/pages\/255\/revisions"}],"predecessor-version":[{"id":257,"href":"http:\/\/muntdemots.org\/2010\/wp-json\/wp\/v2\/pages\/255\/revisions\/257"}],"wp:attachment":[{"href":"http:\/\/muntdemots.org\/2010\/wp-json\/wp\/v2\/media?parent=255"}],"curies":[{"name":"wp","href":"https:\/\/api.w.org\/{rel}","templated":true}]}}