{"id":1771,"date":"2010-10-17T17:10:35","date_gmt":"2010-10-17T17:10:35","guid":{"rendered":"http:\/\/www.muntdemots.org\/"},"modified":"2010-10-17T17:10:35","modified_gmt":"2010-10-17T17:10:35","slug":"mapa-de-munt-de-mots","status":"publish","type":"page","link":"http:\/\/muntdemots.org\/2010\/mapa-de-munt-de-mots\/","title":{"rendered":"Mapa de Munt de Mots"},"content":{"rendered":"<p>Aqu\u00ed teniu el mapa del festival Munt de mots, dins de cada lloc es pot veure els dies que hi ha actuacions. Nom\u00e9s cal clicar el dia per veure els espectacles.<\/p>\n<p><iframe loading=\"lazy\" width=\"640\" height=\"480\" frameborder=\"0\" scrolling=\"no\" marginheight=\"0\" marginwidth=\"0\" src=\"http:\/\/maps.google.es\/maps\/ms?ie=UTF8&amp;hl=es&amp;msa=0&amp;msid=102960655295493672637.000492d2313f98ea55ee6&amp;ll=41.411578,2.17083&amp;spn=0.123592,0.219727&amp;z=12&amp;output=embed\"><\/iframe><br \/><small>Ver <a href=\"http:\/\/maps.google.es\/maps\/ms?ie=UTF8&amp;hl=es&amp;msa=0&amp;msid=102960655295493672637.000492d2313f98ea55ee6&amp;ll=41.411578,2.17083&amp;spn=0.123592,0.219727&amp;z=12&amp;source=embed\" style=\"color:#0000FF;text-align:left\">Munt de mots<\/a> en un mapa m\u00e1s grande<\/small><\/p>\n","protected":false},"excerpt":{"rendered":"<p>Aqu\u00ed teniu el mapa del festival Munt de mots, dins de cada lloc es pot veure els dies que hi ha actuacions. Nom\u00e9s cal clicar el dia per veure els espectacles. Ver Munt de mots en un mapa m\u00e1s grande<\/p>\n","protected":false},"author":1,"featured_media":0,"parent":0,"menu_order":0,"comment_status":"open","ping_status":"open","template":"","meta":[],"_links":{"self":[{"href":"http:\/\/muntdemots.org\/2010\/wp-json\/wp\/v2\/pages\/1771"}],"collection":[{"href":"http:\/\/muntdemots.org\/2010\/wp-json\/wp\/v2\/pages"}],"about":[{"href":"http:\/\/muntdemots.org\/2010\/wp-json\/wp\/v2\/types\/page"}],"author":[{"embeddable":true,"href":"http:\/\/muntdemots.org\/2010\/wp-json\/wp\/v2\/users\/1"}],"replies":[{"embeddable":true,"href":"http:\/\/muntdemots.org\/2010\/wp-json\/wp\/v2\/comments?post=1771"}],"version-history":[{"count":3,"href":"http:\/\/muntdemots.org\/2010\/wp-json\/wp\/v2\/pages\/1771\/revisions"}],"predecessor-version":[{"id":1774,"href":"http:\/\/muntdemots.org\/2010\/wp-json\/wp\/v2\/pages\/1771\/revisions\/1774"}],"wp:attachment":[{"href":"http:\/\/muntdemots.org\/2010\/wp-json\/wp\/v2\/media?parent=1771"}],"curies":[{"name":"wp","href":"https:\/\/api.w.org\/{rel}","templated":true}]}}