{"id":1580,"date":"2010-09-27T16:48:17","date_gmt":"2010-09-27T16:48:17","guid":{"rendered":"http:\/\/www.muntdemots.org\/"},"modified":"2010-09-29T15:24:58","modified_gmt":"2010-09-29T15:24:58","slug":"gratuitoexcepto","status":"publish","type":"page","link":"http:\/\/muntdemots.org\/2010\/gratuitoexcepto\/","title":{"rendered":"Aquest Festival \u00e9s Gratu\u00eft! Excepte&#8230;"},"content":{"rendered":"<p>\u00c9s aix\u00ed! Assistir a les activitats que ofereix Munt de Mots \u00e9s gratis per al p\u00fablic!<br \/>\nEncara que hi ha excepcions &#8230;<br \/>\nAquests s\u00f3n els locals on es cobrar\u00e0 la butlleta d&#8217;entrada:<\/p>\n<p><span style=\"color: #ffffff;\">.<\/span><\/p>\n<p><a href=\"http:\/\/www.almazen.net\" target=\"_blank\">El Almazen<\/a> 6\u20ac (anticipada, escrivint a: almacuento@almazen.net)<br \/>\nSocis i Atr\u00e1palo 8\u20ac. A taquilla 10\u20ac<\/p>\n<p><a href=\"http:\/\/www.facebook.com\/bemba.barcelona\" target=\"_blank\">Bar Bemba<\/a> 5\u20ac (inclou consumici\u00f3)<\/p>\n<p><a href=\"http:\/\/www.harlemjazzclub.es\" target=\"_blank\">Harlem Jazz Club<\/a> 5\u20ac<\/p>\n<p><a href=\"http:\/\/lamardecuentosnostromo.blogspot.com\" target=\"_blank\">Nostromo<\/a> 7\u20ac (inclou consumici\u00f3)<\/p>\n<p><a href=\"http:\/\/www.teatrodelossentidos.com\" target=\"_blank\">Polvor\u00edn de Montju\u00efc<\/a> 5\u20ac<\/p>\n","protected":false},"excerpt":{"rendered":"<p>\u00c9s aix\u00ed! Assistir a les activitats que ofereix Munt de Mots \u00e9s gratis per al p\u00fablic! Encara que hi ha excepcions &#8230; Aquests s\u00f3n els locals on es cobrar\u00e0 la butlleta d&#8217;entrada: . El Almazen 6\u20ac (anticipada, escrivint a: almacuento@almazen.net) Socis i Atr\u00e1palo 8\u20ac. A taquilla 10\u20ac Bar Bemba 5\u20ac (inclou consumici\u00f3) Harlem Jazz Club [&hellip;]<\/p>\n","protected":false},"author":1,"featured_media":0,"parent":0,"menu_order":0,"comment_status":"open","ping_status":"open","template":"","meta":[],"_links":{"self":[{"href":"http:\/\/muntdemots.org\/2010\/wp-json\/wp\/v2\/pages\/1580"}],"collection":[{"href":"http:\/\/muntdemots.org\/2010\/wp-json\/wp\/v2\/pages"}],"about":[{"href":"http:\/\/muntdemots.org\/2010\/wp-json\/wp\/v2\/types\/page"}],"author":[{"embeddable":true,"href":"http:\/\/muntdemots.org\/2010\/wp-json\/wp\/v2\/users\/1"}],"replies":[{"embeddable":true,"href":"http:\/\/muntdemots.org\/2010\/wp-json\/wp\/v2\/comments?post=1580"}],"version-history":[{"count":9,"href":"http:\/\/muntdemots.org\/2010\/wp-json\/wp\/v2\/pages\/1580\/revisions"}],"predecessor-version":[{"id":1582,"href":"http:\/\/muntdemots.org\/2010\/wp-json\/wp\/v2\/pages\/1580\/revisions\/1582"}],"wp:attachment":[{"href":"http:\/\/muntdemots.org\/2010\/wp-json\/wp\/v2\/media?parent=1580"}],"curies":[{"name":"wp","href":"https:\/\/api.w.org\/{rel}","templated":true}]}}