{"id":14,"date":"2010-09-03T15:58:37","date_gmt":"2010-09-03T15:58:37","guid":{"rendered":"http:\/\/www.muntdemots.org\/"},"modified":"2010-09-22T22:44:08","modified_gmt":"2010-09-22T22:44:08","slug":"munt-de-mots-festival-de-narracio-oral-de-barcelona","status":"publish","type":"page","link":"http:\/\/muntdemots.org\/2010\/munt-de-mots-festival-de-narracio-oral-de-barcelona\/","title":{"rendered":"MUNT DE MOTS, Festival de Narraci\u00f3 Oral de Barcelona"},"content":{"rendered":"<p>Nace en Barcelona Munt de Mots, con el fin de promover en la ciudad el ancestral arte de la narraci\u00f3n oral de cuentos, creando espacios para el encuentro, la reflexi\u00f3n y el disfrute adulto, familiar e infantil; todo en torno a la palabra dicha, sugerente y libre.<\/p>\n<p><span style=\"color: #ffffff;\">.<\/span><\/p>\n<p>El Festival se llevar\u00e1 a cabo del 16 al 23 de octubre de 2010 y cuenta con la colaboraci\u00f3n de la Fundaci\u00f3n La Caixa (Caixa Forum), Biblioteques de Barcelona<em> <\/em>(Bibliotecas <em>Vila de Gr\u00e0cia, Sant Antoni, Bonnemaison, G\u00f3tic, Fort Pienc, Horta, Sagrada Fam\u00edlia, Sant Pau, Poble Sec, Bon Pastor, Can Ros\u00e9s, El Carmel, Sant Pau- Santa Creu<\/em>), el auspicio de Casa Am\u00e8rica Catalunya, la Fundaci\u00f3n Romea<em> <\/em>(Teatre Romea), la Xarxa de Centres C\u00edvics (Centres C\u00edvics <em>Pati Llimona<\/em>, <em>Torre Llobeta,, Vil.la Florida, Sagrada Fam\u00edlia, Espai Antoni Mir\u00f3<\/em>, <em>La Farinera del Clot<\/em>, <em>Pere Pruna, Taxonera, Les Corts, Ton i Guida, Trinitat Vella, Guinard\u00f2, Parc Sandaru, Cotxeres Borrell<\/em>), y el Institut del Teatre.<\/p>\n<p><span style=\"color: #ffffff;\">.<\/span><\/p>\n<p>Tambi\u00e9n participan el Museu Etnol\u00f2g\u00edc, Museu Picasso y el Museu de la M\u00fasica de Barcelona, la Federaci\u00f3n de Asociaciones Americanas en Catalu\u00f1a (Fasamcat), la Red Internacional de Cuentacuentos, la Associaci\u00f3 de Narradores i Narradors, el Centre Cultural Euskal Etxea, las editoriales Ekar\u00e9 Europa, Libros del Zorro Rojo, Siruela, Palabras del Candil y Thule. Colaborar\u00e1 activamente el Teatro de los Sentidos, desde su sede en el Polvor\u00edn de Montju\u00efc, y habr\u00e1 una interesante programaci\u00f3n en el Teatro El Almazen, el Harlem Jazz Club, la Librer\u00eda Santos Ochoa, entre otros.<\/p>\n<p><span style=\"color: #ffffff;\">.<\/span><\/p>\n<p>En Munt de Mots intervendr\u00e1n m\u00e1s de 60 artistas de la narraci\u00f3n oral, de hasta diez nacionalidades distintas y de reconocimiento internacional, como Boniface Ofogo (Camerum), Alekos, William Arun\u00e1tegui, Enrique Vargas (Colombia), Tim Bowley (Gran Breta\u00f1a), M\u00f3nica Mart\u00ednez, Isabela M\u00e9ndez, Fanny Fuguet (Venezuela), Aldo M\u00e9ndez (Cuba), Jos\u00e9 Luis Mellado (Chile), Mercedes Carri\u00f3n, (Per\u00fa), Martha Escudero (M\u00e9xico), Yoshihira Hioki (Jap\u00f3n), Soledad Felloza (Uruguay), Ana Cristina Herreros (Madrid), Domingo Chinchilla, F\u00e9lix Albo (Valencia), Charo Pita (Galicia), Carolina Ortiz, Ignasi Potrony, Arnau Vilardeb\u00f2 (Catalu\u00f1a), entre otros.<\/p>\n<p><span style=\"color: #ffffff;\">.<\/span><\/p>\n<p>M\u00e1s de 90 actividades sumando espect\u00e1culos, charlas, talleres, exposiciones, proyecciones, un marat\u00f3n de cuentos infantiles, sesiones tem\u00e1ticas\u2026<\/p>\n<p><span style=\"color: #ffffff;\">.<\/span><\/p>\n<p>El Festival es gratis para el p\u00fablico (*)<\/p>\n<p><span style=\"color: #ffffff;\">. <\/span><\/p>\n<p><strong>Teatros: Romea, Caixa Forum, El Almazen,<\/strong><strong> <\/strong><\/p>\n<p><strong>l\u2019Intitut del Teatre<\/strong><\/p>\n<p><strong> <\/strong><\/p>\n<p>La inauguraci\u00f3n se realizar\u00e1 en el <span style=\"text-decoration: underline;\">Teatre Romea<\/span>, el 18 de octubre a las 20:00 hrs., con la presencia de Carles Canut (Presidente de la Fundaci\u00f3n Romea), Toni Puig (Xarxa de Centres C\u00edvics), y Assumpta Bailac (Gerente del Consorci de Biblioteques de Barcelona). Seguidamente, veremos la actuaci\u00f3n de algunos de los cuentacuentos que participar\u00e1n en el Festival.<\/p>\n<p><span style=\"color: #ffffff;\">.<\/span><\/p>\n<p>Caixa Forum albergar\u00e1 dos espect\u00e1culos de narraci\u00f3n oral: Imaginacontes (infantil) y 88 infinits, de Arnau Vilardeb\u00f2.<span style=\"color: #ffffff;\"> <\/span><\/p>\n<p><span style=\"color: #ffffff;\">.<\/span><\/p>\n<p>En <em>El Almazen<\/em> se realizar\u00e1 una sesi\u00f3n de cuentos titulada <em>El Truco del Cuento<\/em>, en el que Mercedes Carri\u00f3n, maga y cuenta cuentos peruana, mezclar\u00e1 la <span style=\"color: #ffffff;\">narraci\u00f3n oral y la magia junto a la narradora venezolana M\u00f3nica Mart\u00ednez Paz.<\/span><\/p>\n<p><span style=\"color: #ffffff;\"> <\/span>En l\u2019Institut del Teatre se realizar\u00e1 una masterclass sobre teatro y narraci\u00f3n oral, as\u00ed como una muestra con varios cuentacuentos.<\/p>\n<p><span style=\"color: #ffffff;\">.<\/span><\/p>\n<p><strong> <\/strong><\/p>\n<p><strong>El Consorci de Biblioteques de Barcelona <\/strong><\/p>\n<p><strong> <\/strong><\/p>\n<p>Las bibliotecas del Consorci albergar\u00e1n un buen n\u00famero de sesiones de cuentos para adultos, y para ni\u00f1os y ni\u00f1as, en sus programas <em>Els Viatjes de la Paraula<\/em> y <em>L\u2019Hora dels Contes<\/em>, as\u00ed como otras cinco sesiones planificadas especialmente para Munt de Mots.<\/p>\n<p><span style=\"color: #ffffff;\">.<\/span><\/p>\n<p>De igual modo, en la <em>Biblioteca Vila de Gr\u00e0cia<\/em> se realizar\u00e1 el ciclo de conferencia <em>HABLAR SIN PENSAR, Reflexiones sobre la Narraci\u00f3n Oral<\/em>, los d\u00edas 19, 20, 21 y 22 de octubre, en el que participar\u00e1n el investigador y director teatral catal\u00e1n Ignasi Potrony &#8211;<em>La Concepci\u00f3 dels m\u00f3ns a trav\u00e9s del Mite en la Tradici\u00f3n Oral-<\/em> y la reconocida escritora, investigadora y narradora oral Ana Cristina Herreros<em> -La Oralidad Tradicional.<\/em><\/p>\n<p><span style=\"color: #ffffff;\">.<\/span><\/p>\n<p>En la Biblioteca de <em>Sant Antoni<\/em>, dos Charlas\/Taller bajo el nombre de <em>MENOS PALABRAS, M\u00c1S ACCI\u00d3N,<\/em> permitir\u00e1n a los participantes descubrir algunos de los secretos del antiguo arte de la narraci\u00f3n oral. En <em>La Veu: Espai sonor del conte<\/em>, Helena Cabo explicar\u00e1 el funcionamiento de la voz al narrar, y M\u00f3nica Mart\u00ednez Paz (formadora de Cuentacuentos) dar\u00e1 una charla titulada <em>No Hace Falta un Taller para Aprender a Contar Cuentos<\/em>.<\/p>\n<p><span style=\"color: #ffffff;\">.<br \/>\n<\/span><\/p>\n<p><strong> <\/strong><\/p>\n<p><strong> <\/strong><\/p>\n<p><strong> <\/strong><\/p>\n<p><strong>Centro C\u00edvico Pati Llimona<br \/>\ny la Xarxa de Centres C\u00edvics<\/strong><strong> <\/strong><\/p>\n<p><strong> <\/strong><\/p>\n<p>El s\u00e1bado 16 de octubre, se realizar\u00e1 en el Centre C\u00edvic Pati Llimona la <em>Trobada de Narradores i Narradors<\/em> que servir\u00e1 para estrechar lazos entre los y las cuentacuentos de la ciudad.<\/p>\n<p><span style=\"color: #ffffff;\">.<\/span><\/p>\n<p>La serie de <em>Encuentros Con\u2026<\/em> servir\u00e1 para conocer de cerca a algunas de las instituciones que trabajan y promueven la narraci\u00f3n oral en Catalu\u00f1a. La <em>Associaci\u00f3 de Narradores i Narradors<\/em> \u2013ANIN-, la <em>Red Internacional de Cuentacuentos \u2013 <\/em>RIC<em>&#8211;<\/em>, los <em>Festivales de Cuentacuentos<\/em> que se realizan en el pa\u00eds\u2026<\/p>\n<p><span style=\"color: #ffffff;\">.<\/span><\/p>\n<p>Adem\u00e1s de los espect\u00e1culos programados para cada noche del Festival, el Pati Llimona albergar\u00e1 el espacio <em>Cuentod@s<\/em>, en el que la participaci\u00f3n es libre y cualquier persona que quiera podr\u00e1 contar un cuento.<\/p>\n<p><span style=\"color: #ffffff;\">.<\/span><\/p>\n<p>En el C.C. Torre Llobeta se realizar\u00e1 el espect\u00e1culo <em>Voces de Mujer<\/em>, en el que tres autoras\/narradoras orales, compartir\u00e1n con el p\u00fablico algunos cuentos escritos por ellas mismas.<\/p>\n<p><span style=\"color: #ffffff;\">.<\/span><\/p>\n<p>Habr\u00e1 funciones dise\u00f1adas para todos los p\u00fablicos: infantil, adulto, familiar\u2026 No en balde se han apuntado a la fiesta 14 centros c\u00edvicos de la ciudad.<\/p>\n<p><span style=\"color: #ffffff;\">.<\/span><\/p>\n<p><strong>Las Editoriales y La librer\u00eda<\/strong><\/p>\n<p><em> <\/em><\/p>\n<p>La Librer\u00eda<em> Santos Ochoa<\/em> ya ha confirmado su participaci\u00f3n en MOTS, con la presentaci\u00f3n de dos libros cuyos autores son Cuentacuentos: <em>La sorprenent i veritable historia d\u2019un ratol\u00ed anomenat P\u00e9rez<\/em>, de Ana Cristina Herreros, y <em>Coquitos<\/em>, poemas para ni\u00f1os y ni\u00f1as de Rub\u00e9n Mart\u00ednez Santana con ilustraciones de Alekos.<\/p>\n<p><span style=\"color: #ffffff;\">.<\/span><\/p>\n<p>Adem\u00e1s, ha programando dos funciones de cuentos. Por su parte, las editoriales <em>Ekar\u00e9, Libros del Zorro Rojo<\/em> y <em>Thul\u00e9<\/em>, participar\u00e1n con una Exposici\u00f3n de Ilustraciones Originales, una Exhibici\u00f3n de sus cat\u00e1logos y una conferencia sobre el tema de la Tradici\u00f3n Oral llevada al libro impreso.<\/p>\n<p><span style=\"color: #ffffff;\">.<\/span><\/p>\n<p><strong> <\/strong><\/p>\n<p><strong>Locales Nocturnos<\/strong><\/p>\n<p><strong> <\/strong><\/p>\n<p>El Harlem Jazz Club, con m\u00e1s de 10 temporadas programando cuentacuentos, as\u00ed como el <em>Bar Bemba, Macondo, Nostromo<\/em> y <em>l\u2019Astrolabi<\/em>, ser\u00e1n los espacios nocturnos de ocio en los que los cuentos irrumpir\u00e1n con fuerza.<\/p>\n<p><strong><span style=\"color: #ffffff;\">.<\/span><br \/>\n<\/strong><\/p>\n<p><strong>Actividades Paralelas<\/strong><\/p>\n<p><strong> <\/strong><\/p>\n<p>Como parte del Festival, se realizar\u00e1n tambi\u00e9n una serie de <span style=\"text-decoration: underline;\">actividades paralelas<\/span> a la programaci\u00f3n formal, como dos exposiciones de fotograf\u00eda <em>Hi Havia una Vegada, <\/em>de Marc Virgili<em> <\/em>(C.C Pati llimona) y <em>Narradors Orals: Els Mags de la Paraula, <\/em>de P\u00eda Codina<em> <\/em>(C.C. Parc Sandaru), con instant\u00e1neas que recogen el momento m\u00e1gico en el que se cuentan y escuchan historias. Al mismo tiempo, el reconocido ilustrador Alexis Forrero, <em>Alekos<\/em>, expondr\u00e1 su obra  <em>La Palabra Pintada<\/em>, 20 telones de 5 metros de altura por casi 2 metros de ancho, presentada antes en Bogot\u00e1, Santiago de Cuba y Madrid.<\/p>\n<p><span style=\"color: #ffffff;\">.<\/span><\/p>\n<p>En el C. C. Pati llimona se llevar\u00e1 a cabo una exhibici\u00f3n y venta de libros infantiles, en una zona especial de lectura para ni\u00f1os y ni\u00f1as.<\/p>\n<p><span style=\"color: #ffffff;\">.<\/span><\/p>\n<p>Flavia Piazza, actriz y Practitioner en PNL, dictar\u00e1 un taller de seis horas en el Espai Al\u00e9, con los ejercicios pr\u00e1cticos para <em>Vencer el Miedo a Contar en P\u00fablico<\/em>. El narrador ingl\u00e9s Tim Bowling dictar\u00e1 un taller de narraci\u00f3n oral en <em>El Almazen<\/em>.<\/p>\n<p><span style=\"color: #ffffff;\">.<\/span><\/p>\n<p>El S\u00e1bado 23, se realizar\u00e1 en el C.C. Pati Llimona una peque\u00f1a <em>Marat\u00f3 de Contes Infantils<\/em>, en la ma\u00f1ana, y en la tarde un espect\u00e1culo llamado <em>Cuentae Lenguae, <\/em>en el que se narrar\u00e1n cuentos en idiomas tan dis\u00edmiles como la Lengua de Se\u00f1as Catalana, Gallego, Italiano, Euskera, Ingl\u00e9s, Catal\u00e1n, Franc\u00e9s, Alem\u00e1n, Japon\u00e9s y Castellano. En la noche, el Acto de Clausura se realizar\u00e1 en la Sala Maria Aur\u00e8lia Capmany con una \u201ccontada colectiva\u201d<\/p>\n<p><span style=\"color: #ffffff;\">.<\/span><\/p>\n<table style=\"height: 1px;\" cellspacing=\"0\" cellpadding=\"0\" width=\"1\" align=\"left\">\n<tbody>\n<tr>\n<td width=\"588\" height=\"0\"><\/td>\n<\/tr>\n<tr>\n<td><\/td>\n<td><\/td>\n<\/tr>\n<\/tbody>\n<\/table>\n<p>(<strong>*<\/strong>) El Festival es gratis para el p\u00fablico, con excepci\u00f3n de los locales nocturnos <em>Harlem Jazz Club<\/em>, <em>Nostromo<\/em>, <em>Bar Bemba, <\/em>el teatro <em>El Almazen<\/em> y <em>El Polvor\u00edn de Montju\u00efc<\/em> \u2013Teatro de los Sentidos-, con tarifas que van desde los 5 a los 7 \u20ac por espect\u00e1culo. Tambi\u00e9n tendr\u00e1n una tarifa el Taller <em>El Arte de Contar Cuentos,<\/em> de Tim Bowley y Charo Pita (El Almazen. Llamar a Mar al 664277579 ) y el <em>Taller de Gesti\u00f3n de Emociones para Cuentacuentos <\/em>(Espai Al\u00e8. Inscripciones desde el 4 de octubre. Llamar al 664277579).<\/p>\n<p><strong><span style=\"color: #ffffff;\">.<\/span><br \/>\n<\/strong><\/p>\n<p><strong>MUNT DE MOTS<\/strong><strong><br \/>\nFestival de Narraci\u00f3 Oral de Barcelona<br \/>\nOrganizan<\/strong><\/p>\n<p>C.C. Pati Llimona<br \/>\nNaocat.com<br \/>\nAssociaci\u00f3 Munt de Paraules<\/p>\n<p><strong>Colaboran<\/strong><\/p>\n<ul>\n<li>Biblioteques      de Barcelona<\/li>\n<li>Xarxa      de Centres C\u00edvics<\/li>\n<li>Fundaci\u00f3n      Romea \u2013 Teatre Romea<\/li>\n<li>Casa      Am\u00e8rica Catalunya<\/li>\n<li>Fundaci\u00f3n      La Caixa \u2013Caixa Forum<\/li>\n<li>Institut      del Teatre<\/li>\n<li>Teatro      de los Sentidos<\/li>\n<li>Museu      Etnol\u00f2gic<\/li>\n<li>Museu      de la M\u00fasica<\/li>\n<li>Museu      Picasso<\/li>\n<li>Editorial      Ekar\u00e9 Europa<\/li>\n<li>Editorial      Libros del Zorro Rojo<\/li>\n<li>Editorial      Thule<\/li>\n<li>Editorial      Siruela<\/li>\n<li>Editorial      Palabras del Candil<\/li>\n<li>Librer\u00eda      Santos Ochoa<\/li>\n<li>Harlem      Jazz Club<\/li>\n<li>Teatro      El Almazen<\/li>\n<li>Bar      Bemba<\/li>\n<li>L\u2019Astrolabi<\/li>\n<li>Macondo      Bar<\/li>\n<li>Nostromo<\/li>\n<li>Espai      Al\u00e8<\/li>\n<li>Centre      Cultural Eukal Etxea<\/li>\n<li>Associaci\u00f3      de Narradores i Narradors- ANIN<\/li>\n<li>Red      Internacional de Cuentacuentos<\/li>\n<li>Federaci\u00f3n      de Asociaciones Americanas de Catalu\u00f1a<br \/>\n<span style=\"color: #ffffff;\">.<\/span><\/li>\n<\/ul>\n<p><strong><span style=\"text-decoration: underline;\">Director<\/span><\/strong> Rub\u00e9n Mart\u00ednez Santana<strong><span style=\"text-decoration: underline;\"><br \/>\nCoordinadoras<\/span><\/strong> Ant\u00f2nia Robles, Eva Pe\u00f1a<br \/>\nM\u00f3nica Mart\u00ednez Paz, Flavia Piazza<br \/>\n<strong><span style=\"text-decoration: underline;\">Imagen y Cartel<\/span><\/strong> Alekos<strong><span style=\"text-decoration: underline;\"><br \/>\nDise\u00f1o Gr\u00e1fico<\/span> <\/strong> Lys Moya<strong><span style=\"text-decoration: underline;\"><br \/>\nProgramaci\u00f3n<\/span> <\/strong><span style=\"text-decoration: underline;\"> <\/span>Juan Pablo Fuentes<\/p>\n","protected":false},"excerpt":{"rendered":"<p>Nace en Barcelona Munt de Mots, con el fin de promover en la ciudad el ancestral arte de la narraci\u00f3n oral de cuentos, creando espacios para el encuentro, la reflexi\u00f3n y el disfrute adulto, familiar e infantil; todo en torno a la palabra dicha, sugerente y libre. . El Festival se llevar\u00e1 a cabo del [&hellip;]<\/p>\n","protected":false},"author":1,"featured_media":0,"parent":0,"menu_order":0,"comment_status":"open","ping_status":"open","template":"","meta":[],"_links":{"self":[{"href":"http:\/\/muntdemots.org\/2010\/wp-json\/wp\/v2\/pages\/14"}],"collection":[{"href":"http:\/\/muntdemots.org\/2010\/wp-json\/wp\/v2\/pages"}],"about":[{"href":"http:\/\/muntdemots.org\/2010\/wp-json\/wp\/v2\/types\/page"}],"author":[{"embeddable":true,"href":"http:\/\/muntdemots.org\/2010\/wp-json\/wp\/v2\/users\/1"}],"replies":[{"embeddable":true,"href":"http:\/\/muntdemots.org\/2010\/wp-json\/wp\/v2\/comments?post=14"}],"version-history":[{"count":40,"href":"http:\/\/muntdemots.org\/2010\/wp-json\/wp\/v2\/pages\/14\/revisions"}],"predecessor-version":[{"id":17,"href":"http:\/\/muntdemots.org\/2010\/wp-json\/wp\/v2\/pages\/14\/revisions\/17"}],"wp:attachment":[{"href":"http:\/\/muntdemots.org\/2010\/wp-json\/wp\/v2\/media?parent=14"}],"curies":[{"name":"wp","href":"https:\/\/api.w.org\/{rel}","templated":true}]}}