{"id":11,"date":"2010-09-03T15:50:10","date_gmt":"2010-09-03T15:50:10","guid":{"rendered":"http:\/\/www.muntdemots.org\/"},"modified":"2010-09-21T13:13:53","modified_gmt":"2010-09-21T13:13:53","slug":"presentacio","status":"publish","type":"page","link":"http:\/\/muntdemots.org\/2010\/presentacio\/","title":{"rendered":"Presentaci\u00f3"},"content":{"rendered":"<p>Neix a Barcelona Munt de Mots amb la finalitat de promoure l\u2019art ancestral de la narraci\u00f3 oral, mitjan\u00e7ant un seguit d\u2019activitats a l\u2019entorn de la paraula dita adre\u00e7ades a adults i a p\u00fablic familiar i infantil.<\/p>\n<p><span style=\"color: #ffffff;\">.<\/span><\/p>\n<p>Ser\u00e0 del 16 al 23 d\u2019octubre de 2010 a diverses biblioteques de Barcelona, al Teatre Romea, Caixa F\u00f2rum, Museu de la M\u00fasica, Museu Etnol\u00f2gic, Museu Picasso, El Polvor\u00ed de Montju\u00efc, el C.C. Pati Llimona i la Xarxa de Centres C\u00edvics de la ciutat, amb la col\u00b7laboraci\u00f3 de l\u2019Institut del Teatre, la Casa Am\u00e8rica Catalunya, Red Internacional de Cuentacuentos, ANIN, Teatro de los Sentidos, Teatro El Almaz\u00e9n, Harlem Jazz Club, Llibreria Santos Ochoa, l\u2019Astrolabi, Bar Bemba, Espai Al\u00e8, les editorials Ekar\u00e9 Europa, Zorro Rojo, Thule, Palabras del Candil, Siruela\u2026<\/p>\n<p><span style=\"color: #ffffff;\">.<\/span><\/p>\n<p>Comptar\u00e0 amb m\u00e9s de 60 artistes de la narraci\u00f3 oral de diverses nacionalitats \u00a0(Col\u00f2mbia, Cuba, Vene\u00e7uela, Gran Bretanya, Xile, Per\u00fa, Jap\u00f3, Uruguai, M\u00e8xic, Camer\u00fan) i d\u2019altres comunitats d\u2019Espanya (Gal\u00edcia, Pa\u00eds Basc, Val\u00e8ncia, Madrid).<\/p>\n<p><span style=\"color: #ffffff;\">.<\/span><\/p>\n<p>Espectacles, xerrades, tallers, exposicions, projeccions, una marat\u00f3 de contes infantils, sessions tem\u00e0tiques. M\u00e9s de 90 activitats esperen a un p\u00fablic disposat a imaginar i a crear.<br \/>\n<br \/>\nPots descarregar la <a href=\"\/2010\/wp-content\/uploads\/MUNT%20DE%20MOTS%20A.pdf\">presentaci\u00f3 en PDF<\/a> o vuere <a href=\"\/2010\/munt-de-mots-festival-de-narracio-oral-de-barcelona\/\">la presentaci\u00f3 ampliada<\/a><\/p>\n","protected":false},"excerpt":{"rendered":"<p>Neix a Barcelona Munt de Mots amb la finalitat de promoure l\u2019art ancestral de la narraci\u00f3 oral, mitjan\u00e7ant un seguit d\u2019activitats a l\u2019entorn de la paraula dita adre\u00e7ades a adults i a p\u00fablic familiar i infantil. . Ser\u00e0 del 16 al 23 d\u2019octubre de 2010 a diverses biblioteques de Barcelona, al Teatre Romea, Caixa F\u00f2rum, [&hellip;]<\/p>\n","protected":false},"author":1,"featured_media":0,"parent":0,"menu_order":0,"comment_status":"open","ping_status":"open","template":"","meta":[],"_links":{"self":[{"href":"http:\/\/muntdemots.org\/2010\/wp-json\/wp\/v2\/pages\/11"}],"collection":[{"href":"http:\/\/muntdemots.org\/2010\/wp-json\/wp\/v2\/pages"}],"about":[{"href":"http:\/\/muntdemots.org\/2010\/wp-json\/wp\/v2\/types\/page"}],"author":[{"embeddable":true,"href":"http:\/\/muntdemots.org\/2010\/wp-json\/wp\/v2\/users\/1"}],"replies":[{"embeddable":true,"href":"http:\/\/muntdemots.org\/2010\/wp-json\/wp\/v2\/comments?post=11"}],"version-history":[{"count":9,"href":"http:\/\/muntdemots.org\/2010\/wp-json\/wp\/v2\/pages\/11\/revisions"}],"predecessor-version":[{"id":1247,"href":"http:\/\/muntdemots.org\/2010\/wp-json\/wp\/v2\/pages\/11\/revisions\/1247"}],"wp:attachment":[{"href":"http:\/\/muntdemots.org\/2010\/wp-json\/wp\/v2\/media?parent=11"}],"curies":[{"name":"wp","href":"https:\/\/api.w.org\/{rel}","templated":true}]}}